{"id":12302,"date":"2025-04-02T07:41:43","date_gmt":"2025-04-02T07:41:43","guid":{"rendered":"https:\/\/wp2025.mahler-ags.com\/impressum\/"},"modified":"2025-12-09T11:56:38","modified_gmt":"2025-12-09T11:56:38","slug":"impressum","status":"publish","type":"page","link":"https:\/\/www.mahler-ags.com\/de\/impressum\/","title":{"rendered":"Impressum"},"content":{"rendered":"\t\t<div data-elementor-type=\"wp-page\" data-elementor-id=\"12302\" class=\"elementor elementor-12302 elementor-6068\" data-elementor-post-type=\"page\">\n\t\t\t\t<div class=\"elementor-element elementor-element-b863ea1 e-flex e-con-boxed qodef-elementor-content-no e-con e-parent\" data-id=\"b863ea1\" data-element_type=\"container\" data-settings=\"{&quot;background_background&quot;:&quot;gradient&quot;}\">\n\t\t\t\t\t<div class=\"e-con-inner\">\n\t\t\t\t<div class=\"elementor-element elementor-element-8dc3eef elementor-widget__width-auto elementor-widget elementor-widget-heading\" data-id=\"8dc3eef\" data-element_type=\"widget\" data-widget_type=\"heading.default\">\n\t\t\t\t<div class=\"elementor-widget-container\">\n\t\t\t\t\t<h1 class=\"elementor-heading-title elementor-size-default\">Impressum<\/h1>\t\t\t\t<\/div>\n\t\t\t\t<\/div>\n\t\t\t\t\t<\/div>\n\t\t\t\t<\/div>\n\t\t<div class=\"elementor-element elementor-element-c2c8915 qodef-elementor-content-grid e-flex e-con-boxed e-con e-parent\" data-id=\"c2c8915\" data-element_type=\"container\">\n\t\t\t\t\t<div class=\"e-con-inner\">\n\t\t<div class=\"elementor-element elementor-element-91b17a0 e-con-full e-flex qodef-elementor-content-no e-con e-child\" data-id=\"91b17a0\" data-element_type=\"container\">\n\t\t\t\t<div class=\"elementor-element elementor-element-0542baa elementor-widget elementor-widget-text-editor\" data-id=\"0542baa\" data-element_type=\"widget\" data-widget_type=\"text-editor.default\">\n\t\t\t\t<div class=\"elementor-widget-container\">\n\t\t\t\t\t\t\t\t\t<p>Mahler AGS GmbH\u2028<br>Hedelfinger Stra\u00dfe 60\u2028<br>70327 Stuttgart<br>Deutschland<\/p><p>Handelsregister: HRB 11378\u2028<br>Registergericht: Amtsgericht Stuttgart <\/p><p><strong>Vertreten durch:\u2028<\/strong><br>Liege Robson<\/p>\t\t\t\t\t\t\t\t<\/div>\n\t\t\t\t<\/div>\n\t\t\t\t<div class=\"elementor-element elementor-element-21d2bf6 elementor-widget elementor-widget-heading\" data-id=\"21d2bf6\" data-element_type=\"widget\" data-widget_type=\"heading.default\">\n\t\t\t\t<div class=\"elementor-widget-container\">\n\t\t\t\t\t<h2 class=\"elementor-heading-title elementor-size-default\">Kontakt<\/h2>\t\t\t\t<\/div>\n\t\t\t\t<\/div>\n\t\t\t\t<div class=\"elementor-element elementor-element-3410ec2 elementor-widget elementor-widget-text-editor\" data-id=\"3410ec2\" data-element_type=\"widget\" data-widget_type=\"text-editor.default\">\n\t\t\t\t<div class=\"elementor-widget-container\">\n\t\t\t\t\t\t\t\t\t<p>Telefon: <a href=\"tel:+49711870300\">+49(0)711 87030-0\u2028<\/a><br>Telefax: <a href=\"tel:+4971187030200\">+49(0)711 87030-200<\/a>\u2028<br>E-Mail: <a href=\"mailto:info@mahler-ags.com\">info@mahler-ags.com<\/a><\/p>\t\t\t\t\t\t\t\t<\/div>\n\t\t\t\t<\/div>\n\t\t\t\t<div class=\"elementor-element elementor-element-e28ae3e elementor-widget elementor-widget-heading\" data-id=\"e28ae3e\" data-element_type=\"widget\" data-widget_type=\"heading.default\">\n\t\t\t\t<div class=\"elementor-widget-container\">\n\t\t\t\t\t<h2 class=\"elementor-heading-title elementor-size-default\">Umsatzsteuer-Identifikationsnummer<\/h2>\t\t\t\t<\/div>\n\t\t\t\t<\/div>\n\t\t\t\t<div class=\"elementor-element elementor-element-022797a elementor-widget elementor-widget-text-editor\" data-id=\"022797a\" data-element_type=\"widget\" data-widget_type=\"text-editor.default\">\n\t\t\t\t<div class=\"elementor-widget-container\">\n\t\t\t\t\t\t\t\t\t<p>Umsatzsteuer-Identifikationsnummer gem\u00e4\u00df \u00a7 27a Umsatzsteuergesetz:<br>DE147852913<\/p>\t\t\t\t\t\t\t\t<\/div>\n\t\t\t\t<\/div>\n\t\t\t\t<div class=\"elementor-element elementor-element-03a53bc elementor-widget elementor-widget-heading\" data-id=\"03a53bc\" data-element_type=\"widget\" data-widget_type=\"heading.default\">\n\t\t\t\t<div class=\"elementor-widget-container\">\n\t\t\t\t\t<h2 class=\"elementor-heading-title elementor-size-default\">Redaktionell verantwortlich<\/h2>\t\t\t\t<\/div>\n\t\t\t\t<\/div>\n\t\t\t\t<div class=\"elementor-element elementor-element-525caca elementor-widget elementor-widget-text-editor\" data-id=\"525caca\" data-element_type=\"widget\" data-widget_type=\"text-editor.default\">\n\t\t\t\t<div class=\"elementor-widget-container\">\n\t\t\t\t\t\t\t\t\t<p>Mahler AGS GmbH\u2028<br>Liege Robson\u2028<br>Hedelfinger Stra\u00dfe 60\u2028<br>70327 Stuttgart<br>Deutschland<\/p>\t\t\t\t\t\t\t\t<\/div>\n\t\t\t\t<\/div>\n\t\t\t\t<div class=\"elementor-element elementor-element-674f172 elementor-widget elementor-widget-heading\" data-id=\"674f172\" data-element_type=\"widget\" data-widget_type=\"heading.default\">\n\t\t\t\t<div class=\"elementor-widget-container\">\n\t\t\t\t\t<h2 class=\"elementor-heading-title elementor-size-default\">Beilegung von Verbraucherstreitigkeiten \/ Universelle Schlichtungsstelle<\/h2>\t\t\t\t<\/div>\n\t\t\t\t<\/div>\n\t\t\t\t<div class=\"elementor-element elementor-element-de98258 elementor-widget elementor-widget-text-editor\" data-id=\"de98258\" data-element_type=\"widget\" data-widget_type=\"text-editor.default\">\n\t\t\t\t<div class=\"elementor-widget-container\">\n\t\t\t\t\t\t\t\t\t<p>Wir sind weder bereit noch verpflichtet, an Streitbeilegungsverfahren vor einer Verbraucherschlichtungsstelle teilzunehmen.<\/p>\t\t\t\t\t\t\t\t<\/div>\n\t\t\t\t<\/div>\n\t\t\t\t<div class=\"elementor-element elementor-element-32e9d31 elementor-widget elementor-widget-heading\" data-id=\"32e9d31\" data-element_type=\"widget\" data-widget_type=\"heading.default\">\n\t\t\t\t<div class=\"elementor-widget-container\">\n\t\t\t\t\t<h2 class=\"elementor-heading-title elementor-size-default\">Ansprechpartner f\u00fcr Beschwerden<\/h2>\t\t\t\t<\/div>\n\t\t\t\t<\/div>\n\t\t\t\t<div class=\"elementor-element elementor-element-240d619 elementor-widget elementor-widget-text-editor\" data-id=\"240d619\" data-element_type=\"widget\" data-widget_type=\"text-editor.default\">\n\t\t\t\t<div class=\"elementor-widget-container\">\n\t\t\t\t\t\t\t\t\t<p>Bei Fragen, Beschwerden und Einw\u00e4nden erreichen Sie unseren Kundenservice montags bis freitags zwischen 9:00 und 15:30 Uhr telefonisch unter <a href=\"tel:+49711870300\">(0711) 87030-0<\/a> und per E-Mail unter <a href=\"mailto:info@mahler-ags.com\">info@mahler-ags.com<\/a>.<\/p>\t\t\t\t\t\t\t\t<\/div>\n\t\t\t\t<\/div>\n\t\t\t\t<div class=\"elementor-element elementor-element-627476e elementor-widget elementor-widget-heading\" data-id=\"627476e\" data-element_type=\"widget\" data-widget_type=\"heading.default\">\n\t\t\t\t<div class=\"elementor-widget-container\">\n\t\t\t\t\t<h2 class=\"elementor-heading-title elementor-size-default\">Externe Links<\/h2>\t\t\t\t<\/div>\n\t\t\t\t<\/div>\n\t\t\t\t<div class=\"elementor-element elementor-element-a88583d elementor-widget elementor-widget-text-editor\" data-id=\"a88583d\" data-element_type=\"widget\" data-widget_type=\"text-editor.default\">\n\t\t\t\t<div class=\"elementor-widget-container\">\n\t\t\t\t\t\t\t\t\t<p>Unsere Website enth\u00e4lt Links zu Websites Dritter. Alle Links zu Websites Dritter wurden bei der Erstellung der Website sorgf\u00e4ltig gepr\u00fcft. Zum Zeitpunkt der Verlinkung waren keine Rechtsverst\u00f6\u00dfe erkennbar. Wir haben jedoch keinen Einfluss auf die Inhalte der verlinkten Websites Dritter; f\u00fcr diese Inhalte ist der jeweilige Anbieter verantwortlich. Sollten \u00fcber Links zu Websites Dritter rechtswidrige Inhalte zug\u00e4nglich sein, bitten wir Sie, uns dies mitzuteilen. Wir werden dies dann \u00fcberpr\u00fcfen und gegebenenfalls die Links entfernen.     <\/p>\t\t\t\t\t\t\t\t<\/div>\n\t\t\t\t<\/div>\n\t\t\t\t<\/div>\n\t\t\t\t\t<\/div>\n\t\t\t\t<\/div>\n\t\t\t\t<\/div>\n\t\t","protected":false},"excerpt":{"rendered":"<p>Impressum Mahler AGS GmbH\u2028Hedelfinger Stra\u00dfe 60\u202870327 StuttgartDeutschland Handelsregister: HRB 11378\u2028Registergericht: Amtsgericht Stuttgart Vertreten durch:\u2028Liege Robson Kontakt Telefon: +49(0)711 87030-0\u2028Telefax: +49(0)711 87030-200\u2028E-Mail: info@mahler-ags.com Umsatzsteuer-Identifikationsnummer Umsatzsteuer-Identifikationsnummer gem\u00e4\u00df \u00a7 27a Umsatzsteuergesetz:DE147852913 Redaktionell verantwortlich Mahler AGS GmbH\u2028Liege Robson\u2028Hedelfinger Stra\u00dfe 60\u202870327 StuttgartDeutschland Beilegung von Verbraucherstreitigkeiten \/ Universelle Schlichtungsstelle Wir sind weder bereit noch verpflichtet, an Streitbeilegungsverfahren vor einer Verbraucherschlichtungsstelle teilzunehmen. [&hellip;]<\/p>\n","protected":false},"author":1,"featured_media":0,"parent":0,"menu_order":2,"comment_status":"closed","ping_status":"closed","template":"page-full-width.php","meta":{"_seopress_robots_primary_cat":"","_seopress_titles_title":"Impressum & Rechtliche Hinweise | Mahler AGS","_seopress_titles_desc":"Verantwortlich im Sinne des Telemediengesetzes (TMG): Mahler AG Impressum mit Kontaktdaten, rechtlicher Vertretung und weiteren Informationen.","_seopress_robots_index":"ja","inline_featured_image":false,"footnotes":""},"class_list":["post-12302","page","type-page","status-publish","hentry"],"_links":{"self":[{"href":"https:\/\/www.mahler-ags.com\/de\/wp-json\/wp\/v2\/pages\/12302","targetHints":{"allow":["GET"]}}],"collection":[{"href":"https:\/\/www.mahler-ags.com\/de\/wp-json\/wp\/v2\/pages"}],"about":[{"href":"https:\/\/www.mahler-ags.com\/de\/wp-json\/wp\/v2\/types\/page"}],"author":[{"embeddable":true,"href":"https:\/\/www.mahler-ags.com\/de\/wp-json\/wp\/v2\/users\/1"}],"replies":[{"embeddable":true,"href":"https:\/\/www.mahler-ags.com\/de\/wp-json\/wp\/v2\/comments?post=12302"}],"version-history":[{"count":2,"href":"https:\/\/www.mahler-ags.com\/de\/wp-json\/wp\/v2\/pages\/12302\/revisions"}],"predecessor-version":[{"id":12599,"href":"https:\/\/www.mahler-ags.com\/de\/wp-json\/wp\/v2\/pages\/12302\/revisions\/12599"}],"wp:attachment":[{"href":"https:\/\/www.mahler-ags.com\/de\/wp-json\/wp\/v2\/media?parent=12302"}],"curies":[{"name":"wp","href":"https:\/\/api.w.org\/{rel}","templated":true}]}}